{"id":14,"date":"2019-07-01T09:47:23","date_gmt":"2019-07-01T09:47:23","guid":{"rendered":"https:\/\/nuans.be\/?page_id=14"},"modified":"2026-01-05T10:34:38","modified_gmt":"2026-01-05T10:34:38","slug":"nuans-lichtadvies-rekkem-kortrijk","status":"publish","type":"page","link":"https:\/\/www.nuans.be\/fr\/","title":{"rendered":"Nuans, licht is onze passie,  gepersonaliseerd lichtadvies, lampenwinkel. Interieuradvies met focus op verlichting, aangevuld met design meubilair. Verdeler van een grote selectie exclusieve verlichtingslabels."},"content":{"rendered":"<img decoding=\"async\" src=\"https:\/\/www.nuans.be\/wp-content\/uploads\/2019\/09\/passion.jpg\" alt=\"passion\" itemprop=\"image\" title=\"passion\" onerror=\"this.style.display='none'\" loading=\"lazy\" \/>\n\t<blockquote><p><strong>Faites confiance \u00e0 Nuans pour des conseils personnalis\u00e9s en mati\u00e8re d\u2019\u00e9clairage. Que cela soit dans le cadre de construction ou de r\u00e9novation, r\u00e9sidentiel ou espace public.  Nous vous guidons dans vos choix tant pour votre \u00e9clairage int\u00e9rieur, qu'ext\u00e9rieur.<\/strong><\/p>\n<p>Interieuradvies met focus op verlichting. Wij zijn verdeler van een grote selectie exclusieve verlichtingslabels \u00a0en net daarom kunnen wij u merkonafhankelijk adviseren.<\/p>\n<p>Wij werken voornamelijk samen met architecten, interieurdesigners, landschapsarchitecten, meubelbouwers, totaalinrichters maar particuliere klanten zijn zeker evengoed welkom met hun plannen en dromen<\/p>\n<p>&nbsp;<\/p>\n<p>&nbsp;<\/p>\n<p>&nbsp;<\/p><\/blockquote>\n\t<blockquote>\n<h1><strong>Nuans fabrique des solutions d\u2019\u00e9clairage sur mesure dans son propre atelier.<\/strong><\/h1>\n<p>Nos cr\u00e9ations passent non seulement par des lignes LED de premi\u00e8re qualit\u00e9 pour des \u00e9clairages encastr\u00e9s, en saillie ou suspensions, ou autres lampes sur pied, mais aussi par des miroirs avec \u00e9clairage int\u00e9gr\u00e9.<\/p><\/blockquote>\n\t<blockquote>\n<h1><strong>Si vous le souhaitez, Nuans r\u00e9alisera une installation irr\u00e9prochable de tous les luminaires sur place.<\/strong><\/h1>\n<\/blockquote>","protected":false},"excerpt":{"rendered":"<p>Nuans staat voor gepersonaliseerd lichtadvies.\u00a0\u00a0 Lichtstudies voor nieuwbouw en renovatie, zowel residentieel als openbare plaatsen. Totaalaanpak binnen- en buitenverlichting. Interieuradvies met focus op verlichting. Wij zijn verdeler van een grote selectie exclusieve verlichtingslabels \u00a0en net daarom kunnen wij u merkonafhankelijk adviseren. Wij werken voornamelijk samen met architecten, interieurdesigners, landschapsarchitecten, meubelbouwers, totaalinrichters maar particuliere klanten zijn&hellip;<\/p>","protected":false},"author":1,"featured_media":0,"parent":0,"menu_order":0,"comment_status":"closed","ping_status":"closed","template":"","meta":{"_seopress_robots_primary_cat":"","_seopress_titles_title":"","_seopress_titles_desc":"","_seopress_robots_index":"","footnotes":""},"class_list":["post-14","page","type-page","status-publish","hentry"],"_links":{"self":[{"href":"https:\/\/www.nuans.be\/fr\/wp-json\/wp\/v2\/pages\/14","targetHints":{"allow":["GET"]}}],"collection":[{"href":"https:\/\/www.nuans.be\/fr\/wp-json\/wp\/v2\/pages"}],"about":[{"href":"https:\/\/www.nuans.be\/fr\/wp-json\/wp\/v2\/types\/page"}],"author":[{"embeddable":true,"href":"https:\/\/www.nuans.be\/fr\/wp-json\/wp\/v2\/users\/1"}],"replies":[{"embeddable":true,"href":"https:\/\/www.nuans.be\/fr\/wp-json\/wp\/v2\/comments?post=14"}],"version-history":[{"count":72,"href":"https:\/\/www.nuans.be\/fr\/wp-json\/wp\/v2\/pages\/14\/revisions"}],"predecessor-version":[{"id":1392,"href":"https:\/\/www.nuans.be\/fr\/wp-json\/wp\/v2\/pages\/14\/revisions\/1392"}],"wp:attachment":[{"href":"https:\/\/www.nuans.be\/fr\/wp-json\/wp\/v2\/media?parent=14"}],"curies":[{"name":"wp","href":"https:\/\/api.w.org\/{rel}","templated":true}]}}